{"id":94,"date":"2017-01-19T08:42:15","date_gmt":"2017-01-19T07:42:15","guid":{"rendered":"http:\/\/www.agrospolutechovice.cz\/?page_id=94"},"modified":"2019-11-01T15:09:53","modified_gmt":"2019-11-01T14:09:53","slug":"vlastnici-pudy","status":"publish","type":"page","link":"https:\/\/www.agrospolutechovice.cz\/?page_id=94","title":{"rendered":"Vlastn\u00edci p\u016fdy"},"content":{"rendered":"<p>V p\u0159\u00edpad\u011b va\u0161eho z\u00e1jmu o odkoupen\u00ed p\u016fdy nebo vyhotoven\u00ed n\u00e1vrhu pachtovn\u00ed smlouvy n\u00e1s pros\u00edm kontaktujte:<\/p>\n<p>Miroslav Kapoun<br \/>\ne-mail: kapoun@agrospolutechovice.cz<br \/>\ntel.: 602 236 276<\/p>\n<p>nebo<\/p>\n<p>V\u00e1clav P\u00e1ral<br \/>\ne-mail: paral@agrospolutechovice.cz<br \/>\ntel.: 723 566 814<\/p>\n<p>Samoz\u0159ejm\u011b n\u00e1s m\u016f\u017eete kdykoliv kontaktovat, pokud smluvn\u00ed vztah s na\u0161\u00ed spole\u010dnost\u00ed ji\u017e existuje a m\u00e1te n\u011bjak\u00e9 pot\u0159eby \u010di dotazy.<\/p>\n","protected":false},"excerpt":{"rendered":"<p>V p\u0159\u00edpad\u011b va\u0161eho z\u00e1jmu o odkoupen\u00ed p\u016fdy nebo vyhotoven\u00ed n\u00e1vrhu pachtovn\u00ed smlouvy n\u00e1s pros\u00edm kontaktujte: Miroslav Kapoun e-mail: kapoun@agrospolutechovice.cz tel.: 602 236 276 nebo V\u00e1clav P\u00e1ral e-mail: paral@agrospolutechovice.cz tel.: 723 566 814 Samoz\u0159ejm\u011b n\u00e1s m\u016f\u017eete kdykoliv kontaktovat, pokud smluvn\u00ed vztah s na\u0161\u00ed spole\u010dnost\u00ed ji\u017e existuje a m\u00e1te n\u011bjak\u00e9 pot\u0159eby \u010di dotazy.<\/p>\n","protected":false},"author":1,"featured_media":0,"parent":0,"menu_order":0,"comment_status":"closed","ping_status":"closed","template":"","meta":{"footnotes":""},"class_list":["post-94","page","type-page","status-publish","hentry"],"_links":{"self":[{"href":"https:\/\/www.agrospolutechovice.cz\/index.php?rest_route=\/wp\/v2\/pages\/94","targetHints":{"allow":["GET"]}}],"collection":[{"href":"https:\/\/www.agrospolutechovice.cz\/index.php?rest_route=\/wp\/v2\/pages"}],"about":[{"href":"https:\/\/www.agrospolutechovice.cz\/index.php?rest_route=\/wp\/v2\/types\/page"}],"author":[{"embeddable":true,"href":"https:\/\/www.agrospolutechovice.cz\/index.php?rest_route=\/wp\/v2\/users\/1"}],"replies":[{"embeddable":true,"href":"https:\/\/www.agrospolutechovice.cz\/index.php?rest_route=%2Fwp%2Fv2%2Fcomments&post=94"}],"version-history":[{"count":3,"href":"https:\/\/www.agrospolutechovice.cz\/index.php?rest_route=\/wp\/v2\/pages\/94\/revisions"}],"predecessor-version":[{"id":202,"href":"https:\/\/www.agrospolutechovice.cz\/index.php?rest_route=\/wp\/v2\/pages\/94\/revisions\/202"}],"wp:attachment":[{"href":"https:\/\/www.agrospolutechovice.cz\/index.php?rest_route=%2Fwp%2Fv2%2Fmedia&parent=94"}],"curies":[{"name":"wp","href":"https:\/\/api.w.org\/{rel}","templated":true}]}}